{"id":1525,"date":"2019-07-19T14:33:19","date_gmt":"2019-07-19T14:33:19","guid":{"rendered":"http:\/\/nogway.com\/capital\/?page_id=1525"},"modified":"2019-12-20T09:21:24","modified_gmt":"2019-12-20T09:21:24","slug":"home-es","status":"publish","type":"page","link":"https:\/\/nogway.com\/capital\/es\/home-es\/","title":{"rendered":"Home"},"content":{"rendered":"<p>[vc_row][vc_column][vc_custom_heading text=&#8221;Airi &#8211; Multipurpose WooCommerce Theme&#8221; font_container=&#8221;tag:h1|text_align:left&#8221; use_theme_fonts=&#8221;yes&#8221; link=&#8221;url:https%3A%2F%2Fla-studioweb.com%2Fgo%2Fairi%2Flink|||&#8221; el_class=&#8221;hidden&#8221;][rev_slider_vc alias=&#8221;home-es&#8221;]<div id=\"la_divider69e7424289d57\" class=\"js-el la-divider la-unit-responsive\" data-la_component=\"UnitResponsive\"  data-el_target='#la_divider69e7424289d57'  data-el_media_sizes='{&quot;padding-top&quot;:&quot;lg:80px;md:50px;&quot;}' ><\/div>\n[\/vc_column][\/vc_row][vc_row equal_height=&#8221;yes&#8221; content_placement=&#8221;middle&#8221;][vc_column]<div id=\"la_divider69e7424289de5\" class=\"js-el la-divider la-unit-responsive\" data-la_component=\"UnitResponsive\"  data-el_target='#la_divider69e7424289de5'  data-el_media_sizes='{&quot;padding-top&quot;:&quot;lg:80px;md:50px;&quot;}' ><\/div>\n<div id=\"la_heading_69e7424289ed2\" class=\"la-headings text-left spacer-position-middle element-align--center\"><h2 class=\"js-el heading-tag la-unit-responsive letter-spacing--2 padding-bottom-10\" style=\"\"  data-la_component=\"UnitResponsive\"  data-el_target='#la_heading_69e7424289ed2 .heading-tag'  data-el_media_sizes='{&quot;font-size&quot;:&quot;lg:42px;md:36px;&quot;,&quot;line-height&quot;:&quot;&quot;}' >Acerca de Nogway Capital<\/h2><div class=\"la-separator \" style=\"height:2px\"><span class=\"la-line js-el la-unit-responsive\" style=\"border-style:solid;border-width:2px 0 0;border-color:#e6c45e\"  data-la_component=\"UnitResponsive\"  data-el_target='#la_heading_69e7424289ed2 .la-line'  data-el_media_sizes='{&quot;width&quot;:&quot;lg:50px;&quot;}' ><\/span><\/div><div class=\"js-el subheading-tag la-unit-responsive three-font-family\" style=\"\"  data-la_component=\"UnitResponsive\"  data-el_target='#la_heading_69e7424289ed2 .subheading-tag'  data-el_media_sizes='{&quot;font-size&quot;:&quot;lg:16px;&quot;,&quot;line-height&quot;:&quot;&quot;}' ><p>Nogway Capital, una subsidiaria del Grupo Nogway para los Bienes Ra\u00edces Tur\u00edsticos, se cre\u00f3 en 2018 y ya cuenta con dos unidades de Apart-Hoteles en la emblem\u00e1tica e hist\u00f3rica Calle de Santa Catarina, en el coraz\u00f3n de la \u201cInvicta\u201d ciudad de Porto.<\/p>\n<\/div><\/div>\n[\/vc_column][\/vc_row][vc_row equal_height=&#8221;yes&#8221; content_placement=&#8221;middle&#8221;][vc_column]<div id=\"la_divider69e7424289f45\" class=\"js-el la-divider la-unit-responsive\" data-la_component=\"UnitResponsive\"  data-el_target='#la_divider69e7424289f45'  data-el_media_sizes='{&quot;padding-top&quot;:&quot;lg:80px;md:50px;&quot;}' ><\/div>\n<div id=\"la_heading_69e7424289fc0\" class=\"la-headings text-left spacer-position-middle element-align--center\"><h2 class=\"js-el heading-tag la-unit-responsive letter-spacing--2 padding-bottom-10\" style=\"\"  data-la_component=\"UnitResponsive\"  data-el_target='#la_heading_69e7424289fc0 .heading-tag'  data-el_media_sizes='{&quot;font-size&quot;:&quot;lg:42px;md:36px;&quot;,&quot;line-height&quot;:&quot;&quot;}' >Calle de Santa Catarina<\/h2><div class=\"la-separator \" style=\"height:2px\"><span class=\"la-line js-el la-unit-responsive\" style=\"border-style:solid;border-width:2px 0 0;border-color:#e6c45e\"  data-la_component=\"UnitResponsive\"  data-el_target='#la_heading_69e7424289fc0 .la-line'  data-el_media_sizes='{&quot;width&quot;:&quot;lg:50px;&quot;}' ><\/span><\/div><div class=\"js-el subheading-tag la-unit-responsive three-font-family\" style=\"\"  data-la_component=\"UnitResponsive\"  data-el_target='#la_heading_69e7424289fc0 .subheading-tag'  data-el_media_sizes='{&quot;font-size&quot;:&quot;lg:16px;&quot;,&quot;line-height&quot;:&quot;&quot;}' ><p>La calle de Santa Catarina es la calle comercial m\u00e1s importante de Porto. Esta calle peatonal est\u00e1 ubicada en la parte alta de la ciudad y comienza en Pra\u00e7a da Batalha, en el centro de la ciudad. Su planificaci\u00f3n se debi\u00f3 al esp\u00edritu visionario de las &#8216;Almadas&#8217;, cuyas obras de recalificaci\u00f3n, en la segunda mitad del siglo XVIII, trajeron a la ciudad de Porto una nueva luz. La calle se extendi\u00f3 hasta la Alameda da Aguardente, hoy Plaza Marqu\u00e9s de Pombal.<\/p>\n<p>Esta calle es absurdamente elegante y rom\u00e1ntica, con boutiques de buen gusto, senderos de piedra a rayas y multitudes animadas. Es el hogar del sal\u00f3n de t\u00e9 m\u00e1s adornado de Porto, el Art Nouveau Caf\u00e9 Majestic y la extraordinaria Capela das Almas, decorada con azulejos.<br \/>\nBajando por Santa Catarina, encontrar\u00e1 el centro comercial Via Catarina, que tambi\u00e9n est\u00e1 muy cerca del mercado de Bolh\u00e3o, que vale la pena visitar.<\/p>\n<\/div><\/div>\n<div id=\"la_divider69e742428a014\" class=\"js-el la-divider la-unit-responsive\" data-la_component=\"UnitResponsive\"  data-el_target='#la_divider69e742428a014'  data-el_media_sizes='{&quot;padding-top&quot;:&quot;lg:80px;md:50px;&quot;}' ><\/div>\n[\/vc_column][\/vc_row][vc_row equal_height=&#8221;yes&#8221; content_placement=&#8221;middle&#8221;][vc_column width=&#8221;1\/3&#8243;]<div id=\"la_divider69e742428a046\" class=\"js-el la-divider la-unit-responsive\" data-la_component=\"UnitResponsive\"  data-el_target='#la_divider69e742428a046'  data-el_media_sizes='{&quot;padding-top&quot;:&quot;lg:80px;md:0px;&quot;}' ><\/div>\n<div id=\"la_heading_69e742428a0b2\" class=\"la-headings text-left spacer-position-middle\"><h2 class=\"js-el heading-tag la-unit-responsive letter-spacing--2 font-weight-400\" style=\"\"  data-la_component=\"UnitResponsive\"  data-el_target='#la_heading_69e742428a0b2 .heading-tag'  data-el_media_sizes='{&quot;font-size&quot;:&quot;lg:42px;md:36px;&quot;,&quot;line-height&quot;:&quot;&quot;}' >PORTOTEM - Classic<\/h2><div class=\"la-separator \" style=\"height:2px\"><span class=\"la-line js-el la-unit-responsive\" style=\"border-style:solid;border-width:2px 0 0;border-color:#e6c45e\"  data-la_component=\"UnitResponsive\"  data-el_target='#la_heading_69e742428a0b2 .la-line'  data-el_media_sizes='{&quot;width&quot;:&quot;lg:50px;&quot;}' ><\/span><\/div><div class=\"js-el subheading-tag la-unit-responsive three-font-family\" style=\"\"  data-la_component=\"UnitResponsive\"  data-el_target='#la_heading_69e742428a0b2 .subheading-tag'  data-el_media_sizes='{&quot;font-size&quot;:&quot;lg:16px;&quot;,&quot;line-height&quot;:&quot;&quot;}' ><p><span style=\"font-weight: 400;\">Apart-Hotel consta de 7 lofts, 21 camas, con acabados exclusivos de la l\u00ednea nogway, insertados en unos 400 m2, cuenta con recepci\u00f3n con art\u00edculos locales y conveniencia y patio de relajaci\u00f3n.<\/span><\/p>\n<\/div><\/div>\n<div id=\"la_divider69e742428a0fb\" class=\"js-el la-divider la-unit-responsive\" data-la_component=\"UnitResponsive\"  data-el_target='#la_divider69e742428a0fb'  data-el_media_sizes='{&quot;padding-top&quot;:&quot;lg:20px;&quot;}' ><\/div>\n<div class=\"btn-wrapper btn-align-left\">\n    <a class=\"btn btn-color-black btn-align-left btn-size-md btn-style-flat btn-shape-square btn-brw-1\" href=\"http:\/\/nogway.com\/capital\/es\/portotem-classic-es\/\" title=\"PORTOTEM Classic\"><span>Saber Mas<\/span><\/a><\/div><div id=\"la_divider69e742428a19f\" class=\"js-el la-divider la-unit-responsive\" data-la_component=\"UnitResponsive\"  data-el_target='#la_divider69e742428a19f'  data-el_media_sizes='{&quot;padding-top&quot;:&quot;lg:80px;md:50px;&quot;}' ><\/div>\n[\/vc_column][vc_column width=&#8221;7\/12&#8243; la_animation_duration=&#8221;1&#8243; la_animation_delay=&#8221;0&#8243; la_animation_iteration_count=&#8221;1&#8243; offset=&#8221;vc_col-sm-offset-1&#8243;]<div id=\"la_carousel_7572266169e742428a1fc\" class=\"la-carousel-wrapper la_carousel_horizontal slick__nav_style1\" data-gutter=\"0\">\n    <div data-la_component=\"AutoCarousel\" class=\"js-el la-slick-slider\" data-slider_config=\"{&quot;slidesToShow&quot;:1,&quot;slidesToScroll&quot;:1,&quot;dots&quot;:false,&quot;autoplaySpeed&quot;:5000,&quot;speed&quot;:300,&quot;infinite&quot;:false,&quot;arrows&quot;:false,&quot;swipe&quot;:true,&quot;draggable&quot;:true,&quot;touchMove&quot;:true,&quot;pauseOnHover&quot;:false,&quot;responsive&quot;:[{&quot;breakpoint&quot;:1824,&quot;settings&quot;:{&quot;slidesToShow&quot;:1,&quot;slidesToScroll&quot;:1}},{&quot;breakpoint&quot;:1200,&quot;settings&quot;:{&quot;slidesToShow&quot;:1,&quot;slidesToScroll&quot;:1}},{&quot;breakpoint&quot;:992,&quot;settings&quot;:{&quot;slidesToShow&quot;:1,&quot;slidesToScroll&quot;:1}},{&quot;breakpoint&quot;:768,&quot;settings&quot;:{&quot;slidesToShow&quot;:1,&quot;slidesToScroll&quot;:1}},{&quot;breakpoint&quot;:576,&quot;settings&quot;:{&quot;slidesToShow&quot;:1,&quot;slidesToScroll&quot;:1}}],&quot;pauseOnDotsHover&quot;:true}\">\n        <div class=\"la-item-wrap\"><div id=\"la_banner_box_69e742428aa5e\" class=\"wpb_content_element la-banner-box banner-type-8 la_banner_box_69e742428aa5e\">\n    <div class=\"box-inner\">\n                <div class=\"banner--image\">\n            <div class=\"loop__item__thumbnail--bkg gitem-zone-height-mode-custom gitem-hide-img\"\n                 data-background-image=\"\/\/nogway.com\/capital\/wp-content\/uploads\/2019\/07\/fachada2-2.jpg\"\n                 style=\"padding-top:109.55%;padding-top: 100%;background-image: url(\/\/nogway.com\/capital\/wp-content\/uploads\/2019\/07\/fachada2-2.jpg);\">\n            <\/div>\n        <\/div>\n        <div class=\"banner--info\">\n            <div class=\"js-el b-title b-title1\" style=\"\" ><span>Edif\u00edcio<\/span> <span>PORTOTEM<\/span> <span>-<\/span> <span>Classic<\/span><\/div><a class=\"banner--btn\" href=\"http:\/\/nogway.com\/capital\/es\/portotem-classic-es\/\" title=\"PORTOTEM Classic\">PORTOTEM Classic<\/a>        <\/div>\n        <a class=\"banner--link-overlay item--overlay\" href=\"http:\/\/nogway.com\/capital\/es\/portotem-classic-es\/\" title=\"PORTOTEM Classic\"><span class=\"hidden\"><span>PORTOTEM Classic<\/span><\/span><\/a>    <\/div>\n\n    <style>                \n        \n        \n        \n        \n        \n            <\/style><\/div><\/div>    <\/div>\n<\/div><style data-la_component=\"InsertCustomCSS\">\n    #la_carousel_7572266169e742428a1fc{\n        margin-left: -0px;\n        margin-right: -0px;\n    }\n    #la_carousel_7572266169e742428a1fc .la-item-wrap.slick-slide{\n        padding-left: 0px;\n        padding-right: 0px;\n    }\n<\/style>\n[\/vc_column][\/vc_row][vc_row][vc_column]<div id=\"la_divider69e742428adae\" class=\"js-el la-divider la-unit-responsive\" data-la_component=\"UnitResponsive\"  data-el_target='#la_divider69e742428adae'  data-el_media_sizes='{&quot;padding-top&quot;:&quot;lg:90px;md:50px;&quot;}' ><\/div>\n[\/vc_column][\/vc_row][vc_row equal_height=&#8221;yes&#8221; content_placement=&#8221;middle&#8221;][vc_column width=&#8221;1\/3&#8243; la_animation_duration=&#8221;1&#8243; la_animation_delay=&#8221;0&#8243; la_animation_iteration_count=&#8221;1&#8243; el_class=&#8221;vc_col-sm-push-8&#8243;]<div id=\"la_divider69e742428addf\" class=\"js-el la-divider la-unit-responsive\" data-la_component=\"UnitResponsive\"  data-el_target='#la_divider69e742428addf'  data-el_media_sizes='{&quot;padding-top&quot;:&quot;lg:80px;md:0px;&quot;}' ><\/div>\n<div id=\"la_heading_69e742428ae54\" class=\"la-headings text-left spacer-position-middle\"><h2 class=\"js-el heading-tag la-unit-responsive letter-spacing--2 font-weight-400\" style=\"\"  data-la_component=\"UnitResponsive\"  data-el_target='#la_heading_69e742428ae54 .heading-tag'  data-el_media_sizes='{&quot;font-size&quot;:&quot;lg:42px;md:36px;&quot;,&quot;line-height&quot;:&quot;&quot;}' >PORTOTEM - Premium<\/h2><div class=\"la-separator  margin-top-25 margin-bottom-25\" style=\"height:2px\"><span class=\"la-line js-el la-unit-responsive\" style=\"border-style:solid;border-width:2px 0 0;border-color:#e6c45e\"  data-la_component=\"UnitResponsive\"  data-el_target='#la_heading_69e742428ae54 .la-line'  data-el_media_sizes='{&quot;width&quot;:&quot;lg:50px;&quot;}' ><\/span><\/div><div class=\"js-el subheading-tag la-unit-responsive three-font-family\" style=\"\"  data-la_component=\"UnitResponsive\"  data-el_target='#la_heading_69e742428ae54 .subheading-tag'  data-el_media_sizes='{&quot;font-size&quot;:&quot;lg:16px;&quot;,&quot;line-height&quot;:&quot;&quot;}' ><p><span style=\"font-weight: 400;\">Apart-Hotel ubicado en la emblem\u00e1tica Rua de Santa Catarina y en nuestro Invicta Cidade do Porto, consta de 13 apartamentos turisticos.<\/span><\/p>\n<p><span style=\"font-weight: 400;\">En el primer piso hay cuatro Lofts completamente equipados. En el segundo piso, hay tres Lofts y un d\u00faplex T1 totalmente equipado.<\/span><\/p>\n<p><span style=\"font-weight: 400;\">Edificio con alto acabado de lujo y dispone de ascensor.<\/span><\/p>\n<p><span style=\"font-weight: 400;\">En esta unidad tur\u00edstica, premiamos el lujo y damos forma a este edificio contempor\u00e1neo con color y luz, donde apreciaremos el bienestar de quienes nos visitan.<\/span><\/p>\n<p><span style=\"font-weight: 400;\">Se inaugura en el primer trimestre de 2020. \u00a1Pr\u00f3ximamente!<\/span><\/p>\n<\/div><\/div>\n<div id=\"la_divider69e742428aeb5\" class=\"js-el la-divider la-unit-responsive\" data-la_component=\"UnitResponsive\"  data-el_target='#la_divider69e742428aeb5'  data-el_media_sizes='{&quot;padding-top&quot;:&quot;lg:20px;&quot;}' ><\/div>\n<div class=\"btn-wrapper btn-align-left\">\n    <a class=\"btn btn-color-black btn-align-left btn-size-md btn-style-flat btn-shape-square btn-brw-1\" href=\"http:\/\/nogway.com\/capital\/es\/portotem-premium-es\/\" title=\"PORTOTEM Premium\"><span>Saber Mas<\/span><\/a><\/div><div id=\"la_divider69e742428af21\" class=\"js-el la-divider la-unit-responsive\" data-la_component=\"UnitResponsive\"  data-el_target='#la_divider69e742428af21'  data-el_media_sizes='{&quot;padding-top&quot;:&quot;lg:80px;md:50px;&quot;}' ><\/div>\n[\/vc_column][vc_column width=&#8221;7\/12&#8243; la_animation_duration=&#8221;1&#8243; la_animation_delay=&#8221;0&#8243; la_animation_iteration_count=&#8221;1&#8243; offset=&#8221;vc_col-sm-offset-1&#8243; el_class=&#8221;vc_col-sm-pull-5&#8243;]<div id=\"la_carousel_60034755369e742428af61\" class=\"la-carousel-wrapper la_carousel_horizontal slick__nav_style1\" data-gutter=\"0\">\n    <div data-la_component=\"AutoCarousel\" class=\"js-el la-slick-slider\" data-slider_config=\"{&quot;slidesToShow&quot;:1,&quot;slidesToScroll&quot;:1,&quot;dots&quot;:false,&quot;autoplaySpeed&quot;:5000,&quot;speed&quot;:300,&quot;infinite&quot;:false,&quot;arrows&quot;:false,&quot;swipe&quot;:true,&quot;draggable&quot;:true,&quot;touchMove&quot;:true,&quot;pauseOnHover&quot;:false,&quot;responsive&quot;:[{&quot;breakpoint&quot;:1824,&quot;settings&quot;:{&quot;slidesToShow&quot;:1,&quot;slidesToScroll&quot;:1}},{&quot;breakpoint&quot;:1200,&quot;settings&quot;:{&quot;slidesToShow&quot;:1,&quot;slidesToScroll&quot;:1}},{&quot;breakpoint&quot;:992,&quot;settings&quot;:{&quot;slidesToShow&quot;:1,&quot;slidesToScroll&quot;:1}},{&quot;breakpoint&quot;:768,&quot;settings&quot;:{&quot;slidesToShow&quot;:1,&quot;slidesToScroll&quot;:1}},{&quot;breakpoint&quot;:576,&quot;settings&quot;:{&quot;slidesToShow&quot;:1,&quot;slidesToScroll&quot;:1}}],&quot;pauseOnDotsHover&quot;:true}\">\n        <div class=\"la-item-wrap\"><div id=\"la_banner_box_69e742428b38f\" class=\"wpb_content_element la-banner-box banner-type-8 la_banner_box_69e742428b38f\">\n    <div class=\"box-inner\">\n                <div class=\"banner--image\">\n            <div class=\"loop__item__thumbnail--bkg gitem-zone-height-mode-custom gitem-hide-img\"\n                 data-background-image=\"\/\/nogway.com\/capital\/wp-content\/uploads\/2019\/07\/02-2k_opt2.jpg\"\n                 style=\"padding-top:83.88%;padding-top: 91%;background-image: url(\/\/nogway.com\/capital\/wp-content\/uploads\/2019\/07\/02-2k_opt2.jpg);\">\n            <\/div>\n        <\/div>\n        <div class=\"banner--info\">\n            <div class=\"js-el b-title b-title1\" style=\"\" ><span>Edif\u00edcio<\/span> <span>PORTOTEM<\/span> <span>-<\/span> <span>Premium<\/span><\/div><a class=\"banner--btn\" href=\"http:\/\/nogway.com\/capital\/es\/portotem-premium-es\/\" title=\"PORTOTEM Premium\">PORTOTEM Premium<\/a>        <\/div>\n        <a class=\"banner--link-overlay item--overlay\" href=\"http:\/\/nogway.com\/capital\/es\/portotem-premium-es\/\" title=\"PORTOTEM Premium\"><span class=\"hidden\"><span>PORTOTEM Premium<\/span><\/span><\/a>    <\/div>\n\n    <style>                \n        \n        \n        \n        \n        \n            <\/style><\/div><\/div>    <\/div>\n<\/div><style data-la_component=\"InsertCustomCSS\">\n    #la_carousel_60034755369e742428af61{\n        margin-left: -0px;\n        margin-right: -0px;\n    }\n    #la_carousel_60034755369e742428af61 .la-item-wrap.slick-slide{\n        padding-left: 0px;\n        padding-right: 0px;\n    }\n<\/style>\n[\/vc_column][\/vc_row][vc_row][vc_column]<div id=\"la_divider69e742428b436\" class=\"js-el la-divider la-unit-responsive\" data-la_component=\"UnitResponsive\"  data-el_target='#la_divider69e742428b436'  data-el_media_sizes='{&quot;padding-top&quot;:&quot;lg:90px;md:50px;&quot;}' ><\/div>\n[\/vc_column][\/vc_row]<\/p>\n","protected":false},"excerpt":{"rendered":"<p>[vc_row][vc_column][vc_custom_heading text=&#8221;Airi &#8211; Multipurpose WooCommerce Theme&#8221; font_container=&#8221;tag:h1|text_align:left&#8221; use_theme_fonts=&#8221;yes&#8221; link=&#8221;url:https%3A%2F%2Fla-studioweb.com%2Fgo%2Fairi%2Flink|||&#8221; el_class=&#8221;hidden&#8221;][rev_slider_vc alias=&#8221;home-es&#8221;][\/vc_column][\/vc_row][vc_row equal_height=&#8221;yes&#8221; content_placement=&#8221;middle&#8221;][vc_column][\/vc_column][\/vc_row][vc_row equal_height=&#8221;yes&#8221; content_placement=&#8221;middle&#8221;][vc_column][\/vc_column][\/vc_row][vc_row equal_height=&#8221;yes&#8221; content_placement=&#8221;middle&#8221;][vc_column width=&#8221;1\/3&#8243;][\/vc_column][vc_column width=&#8221;7\/12&#8243; la_animation_duration=&#8221;1&#8243; la_animation_delay=&#8221;0&#8243; la_animation_iteration_count=&#8221;1&#8243; offset=&#8221;vc_col-sm-offset-1&#8243;][\/vc_column][\/vc_row][vc_row][vc_column][\/vc_column][\/vc_row][vc_row equal_height=&#8221;yes&#8221; content_placement=&#8221;middle&#8221;][vc_column width=&#8221;1\/3&#8243; la_animation_duration=&#8221;1&#8243; la_animation_delay=&#8221;0&#8243; la_animation_iteration_count=&#8221;1&#8243; el_class=&#8221;vc_col-sm-push-8&#8243;][\/vc_column][vc_column width=&#8221;7\/12&#8243; la_animation_duration=&#8221;1&#8243; la_animation_delay=&#8221;0&#8243; la_animation_iteration_count=&#8221;1&#8243; offset=&#8221;vc_col-sm-offset-1&#8243; el_class=&#8221;vc_col-sm-pull-5&#8243;][\/vc_column][\/vc_row][vc_row][vc_column][\/vc_column][\/vc_row]<\/p>\n","protected":false},"author":1,"featured_media":0,"parent":0,"menu_order":0,"comment_status":"closed","ping_status":"closed","template":"","meta":[],"_links":{"self":[{"href":"https:\/\/nogway.com\/capital\/wp-json\/wp\/v2\/pages\/1525"}],"collection":[{"href":"https:\/\/nogway.com\/capital\/wp-json\/wp\/v2\/pages"}],"about":[{"href":"https:\/\/nogway.com\/capital\/wp-json\/wp\/v2\/types\/page"}],"author":[{"embeddable":true,"href":"https:\/\/nogway.com\/capital\/wp-json\/wp\/v2\/users\/1"}],"replies":[{"embeddable":true,"href":"https:\/\/nogway.com\/capital\/wp-json\/wp\/v2\/comments?post=1525"}],"version-history":[{"count":10,"href":"https:\/\/nogway.com\/capital\/wp-json\/wp\/v2\/pages\/1525\/revisions"}],"predecessor-version":[{"id":1759,"href":"https:\/\/nogway.com\/capital\/wp-json\/wp\/v2\/pages\/1525\/revisions\/1759"}],"wp:attachment":[{"href":"https:\/\/nogway.com\/capital\/wp-json\/wp\/v2\/media?parent=1525"}],"curies":[{"name":"wp","href":"https:\/\/api.w.org\/{rel}","templated":true}]}}