{"id":149,"date":"2018-09-03T09:46:59","date_gmt":"2018-09-03T09:46:59","guid":{"rendered":"https:\/\/airi.la-studioweb.com\/?page_id=149"},"modified":"2020-01-14T09:51:36","modified_gmt":"2020-01-14T09:51:36","slug":"home","status":"publish","type":"page","link":"https:\/\/nogway.com\/capital\/","title":{"rendered":"Home"},"content":{"rendered":"<p>[vc_row][vc_column][vc_custom_heading text=&#8221;Airi &#8211; Multipurpose WooCommerce Theme&#8221; font_container=&#8221;tag:h1|text_align:left&#8221; use_theme_fonts=&#8221;yes&#8221; link=&#8221;url:https%3A%2F%2Fla-studioweb.com%2Fgo%2Fairi%2Flink|||&#8221; el_class=&#8221;hidden&#8221;][rev_slider_vc alias=&#8221;home-04&#8243;]<div id=\"la_divider69f74ed368363\" class=\"js-el la-divider la-unit-responsive\" data-la_component=\"UnitResponsive\"  data-el_target='#la_divider69f74ed368363'  data-el_media_sizes='{&quot;padding-top&quot;:&quot;lg:80px;md:50px;&quot;}' ><\/div>\n[\/vc_column][\/vc_row][vc_row equal_height=&#8221;yes&#8221; content_placement=&#8221;middle&#8221;][vc_column]<div id=\"la_divider69f74ed3683c8\" class=\"js-el la-divider la-unit-responsive\" data-la_component=\"UnitResponsive\"  data-el_target='#la_divider69f74ed3683c8'  data-el_media_sizes='{&quot;padding-top&quot;:&quot;lg:80px;md:50px;&quot;}' ><\/div>\n<div id=\"la_heading_69f74ed3684b0\" class=\"la-headings text-left spacer-position-middle element-align--center\"><h2 class=\"js-el heading-tag la-unit-responsive letter-spacing--2 padding-bottom-10\" style=\"\"  data-la_component=\"UnitResponsive\"  data-el_target='#la_heading_69f74ed3684b0 .heading-tag'  data-el_media_sizes='{&quot;font-size&quot;:&quot;lg:42px;md:36px;&quot;,&quot;line-height&quot;:&quot;&quot;}' >Sobre Nogway Capital<\/h2><div class=\"la-separator \" style=\"height:2px\"><span class=\"la-line js-el la-unit-responsive\" style=\"border-style:solid;border-width:2px 0 0;border-color:#e6c45e\"  data-la_component=\"UnitResponsive\"  data-el_target='#la_heading_69f74ed3684b0 .la-line'  data-el_media_sizes='{&quot;width&quot;:&quot;lg:50px;&quot;}' ><\/span><\/div><div class=\"js-el subheading-tag la-unit-responsive three-font-family\" style=\"\"  data-la_component=\"UnitResponsive\"  data-el_target='#la_heading_69f74ed3684b0 .subheading-tag'  data-el_media_sizes='{&quot;font-size&quot;:&quot;lg:16px;&quot;,&quot;line-height&quot;:&quot;&quot;}' ><p>A Nogway Capital , \u00e9 uma participada do Grupo Nogway para a \u00e1rea de ativos imobili\u00e1rios Turisticos, foi criada no ano 2018 e conta j\u00e1 com duas unidades de Apart-Hoteis, na emblem\u00e1tica e hist\u00f3rica, Rua de Santa Catarina, no cora\u00e7\u00e3o da invicta Cidade do Porto.<\/p>\n<\/div><\/div>\n[\/vc_column][\/vc_row][vc_row equal_height=&#8221;yes&#8221; content_placement=&#8221;middle&#8221;][vc_column]<div id=\"la_divider69f74ed368524\" class=\"js-el la-divider la-unit-responsive\" data-la_component=\"UnitResponsive\"  data-el_target='#la_divider69f74ed368524'  data-el_media_sizes='{&quot;padding-top&quot;:&quot;lg:80px;md:50px;&quot;}' ><\/div>\n<div id=\"la_heading_69f74ed368596\" class=\"la-headings text-left spacer-position-middle element-align--center\"><h2 class=\"js-el heading-tag la-unit-responsive letter-spacing--2 padding-bottom-10\" style=\"\"  data-la_component=\"UnitResponsive\"  data-el_target='#la_heading_69f74ed368596 .heading-tag'  data-el_media_sizes='{&quot;font-size&quot;:&quot;lg:42px;md:36px;&quot;,&quot;line-height&quot;:&quot;&quot;}' >Rua Santa Catarina<\/h2><div class=\"la-separator \" style=\"height:2px\"><span class=\"la-line js-el la-unit-responsive\" style=\"border-style:solid;border-width:2px 0 0;border-color:#e6c45e\"  data-la_component=\"UnitResponsive\"  data-el_target='#la_heading_69f74ed368596 .la-line'  data-el_media_sizes='{&quot;width&quot;:&quot;lg:50px;&quot;}' ><\/span><\/div><div class=\"js-el subheading-tag la-unit-responsive three-font-family\" style=\"\"  data-la_component=\"UnitResponsive\"  data-el_target='#la_heading_69f74ed368596 .subheading-tag'  data-el_media_sizes='{&quot;font-size&quot;:&quot;lg:16px;&quot;,&quot;line-height&quot;:&quot;&quot;}' ><p>A Rua Santa Catarina \u00e9 a mais importante rua comercial do Porto. Esta rua de pedestres est\u00e1 localizada na parte alta da cidade e come\u00e7a na Pra\u00e7a da Batalha, no centro da cidade. A sua planifica\u00e7\u00e3o ficou a dever-se ao esp\u00edrito vision\u00e1rio dos &#8216;Almadas&#8217; cujas obras de requalifica\u00e7\u00e3o, na segunda metade do s\u00e9culo XVIII, trouxeram \u00e0 cidade do Porto uma nova luz. A rua foi prolongada at\u00e9 \u00e0 Alameda da Aguardente, hoje Pra\u00e7a do Marqu\u00eas de Pombal.<\/p>\n<p>Esta rua \u00e9 absurdamente elegante e rom\u00e2ntica, com boutiques de bom gosto, caminhos de pedra listrada e multid\u00f5es animadas. \u00c9 o lar do sal\u00e3o de ch\u00e1 mais ornamentado do Porto, do Caf\u00e9 Majestic, em estilo art nouveau, e da extraordin\u00e1ria Capela das Almas, enfeitada com azulejos.<br \/>\nDescendo Santa Catarina, voc\u00ea vai encontrar o Via Catarina Shopping Center, que tamb\u00e9m fica muito perto do Mercado do Bolh\u00e3o, que vale a pena visitar.<\/p>\n<\/div><\/div>\n<div id=\"la_divider69f74ed3685f9\" class=\"js-el la-divider la-unit-responsive\" data-la_component=\"UnitResponsive\"  data-el_target='#la_divider69f74ed3685f9'  data-el_media_sizes='{&quot;padding-top&quot;:&quot;lg:80px;md:50px;&quot;}' ><\/div>\n[\/vc_column][\/vc_row][vc_row equal_height=&#8221;yes&#8221; content_placement=&#8221;middle&#8221;][vc_column width=&#8221;1\/3&#8243;]<div id=\"la_divider69f74ed368624\" class=\"js-el la-divider la-unit-responsive\" data-la_component=\"UnitResponsive\"  data-el_target='#la_divider69f74ed368624'  data-el_media_sizes='{&quot;padding-top&quot;:&quot;lg:80px;md:0px;&quot;}' ><\/div>\n[vc_single_image image=&#8221;1775&#8243; css=&#8221;.vc_custom_1578913072763{margin-bottom: 0px !important;}&#8221;]<div id=\"la_heading_69f74ed368686\" class=\"la-headings text-left spacer-position-middle\"><h2 class=\"js-el heading-tag la-unit-responsive letter-spacing--2 font-weight-400\" style=\"\"  data-la_component=\"UnitResponsive\"  data-el_target='#la_heading_69f74ed368686 .heading-tag'  data-el_media_sizes='{&quot;font-size&quot;:&quot;lg:42px;md:36px;&quot;,&quot;line-height&quot;:&quot;&quot;}' >Classic<\/h2><div class=\"la-separator \" style=\"height:2px\"><span class=\"la-line js-el la-unit-responsive\" style=\"border-style:solid;border-width:2px 0 0;border-color:#e6c45e\"  data-la_component=\"UnitResponsive\"  data-el_target='#la_heading_69f74ed368686 .la-line'  data-el_media_sizes='{&quot;width&quot;:&quot;lg:50px;&quot;}' ><\/span><\/div><div class=\"js-el subheading-tag la-unit-responsive three-font-family\" style=\"\"  data-la_component=\"UnitResponsive\"  data-el_target='#la_heading_69f74ed368686 .subheading-tag'  data-el_media_sizes='{&quot;font-size&quot;:&quot;lg:16px;&quot;,&quot;line-height&quot;:&quot;&quot;}' ><p>Apart-Hotel composto por 7 Lofts, 21 camas, com acabamentos de linha exclusiva nogway, inseridos em cerca de 400m2, conta com recep\u00e7\u00e3o com loja de artigos locais e conveniencia e p\u00e1tio de relaxamento.<\/p>\n<\/div><\/div>\n<div id=\"la_divider69f74ed3686cd\" class=\"js-el la-divider la-unit-responsive\" data-la_component=\"UnitResponsive\"  data-el_target='#la_divider69f74ed3686cd'  data-el_media_sizes='{&quot;padding-top&quot;:&quot;lg:20px;&quot;}' ><\/div>\n<div class=\"btn-wrapper btn-align-left\">\n    <a class=\"btn btn-color-black btn-align-left btn-size-md btn-style-flat btn-shape-square btn-brw-1\" href=\"http:\/\/nogway.com\/capital\/portotem-classic\/\" title=\"PORTOTEM Classic\"><span>Saber Mais<\/span><\/a><\/div><div id=\"la_divider69f74ed368762\" class=\"js-el la-divider la-unit-responsive\" data-la_component=\"UnitResponsive\"  data-el_target='#la_divider69f74ed368762'  data-el_media_sizes='{&quot;padding-top&quot;:&quot;lg:80px;md:50px;&quot;}' ><\/div>\n[\/vc_column][vc_column width=&#8221;7\/12&#8243; la_animation_duration=&#8221;1&#8243; la_animation_delay=&#8221;0&#8243; la_animation_iteration_count=&#8221;1&#8243; offset=&#8221;vc_col-sm-offset-1&#8243;]<div id=\"la_carousel_197258408969f74ed3687d6\" class=\"la-carousel-wrapper la_carousel_horizontal slick__nav_style1\" data-gutter=\"0\">\n    <div data-la_component=\"AutoCarousel\" class=\"js-el la-slick-slider\" data-slider_config=\"{&quot;slidesToShow&quot;:1,&quot;slidesToScroll&quot;:1,&quot;dots&quot;:false,&quot;autoplaySpeed&quot;:5000,&quot;speed&quot;:300,&quot;infinite&quot;:false,&quot;arrows&quot;:false,&quot;swipe&quot;:true,&quot;draggable&quot;:true,&quot;touchMove&quot;:true,&quot;pauseOnHover&quot;:false,&quot;responsive&quot;:[{&quot;breakpoint&quot;:1824,&quot;settings&quot;:{&quot;slidesToShow&quot;:1,&quot;slidesToScroll&quot;:1}},{&quot;breakpoint&quot;:1200,&quot;settings&quot;:{&quot;slidesToShow&quot;:1,&quot;slidesToScroll&quot;:1}},{&quot;breakpoint&quot;:992,&quot;settings&quot;:{&quot;slidesToShow&quot;:1,&quot;slidesToScroll&quot;:1}},{&quot;breakpoint&quot;:768,&quot;settings&quot;:{&quot;slidesToShow&quot;:1,&quot;slidesToScroll&quot;:1}},{&quot;breakpoint&quot;:576,&quot;settings&quot;:{&quot;slidesToShow&quot;:1,&quot;slidesToScroll&quot;:1}}],&quot;pauseOnDotsHover&quot;:true}\">\n        <div class=\"la-item-wrap\"><div id=\"la_banner_box_69f74ed36a68b\" class=\"wpb_content_element la-banner-box banner-type-8 la_banner_box_69f74ed36a68b\">\n    <div class=\"box-inner\">\n                <div class=\"banner--image\">\n            <div class=\"loop__item__thumbnail--bkg gitem-zone-height-mode-custom gitem-hide-img\"\n                 data-background-image=\"\/\/nogway.com\/capital\/wp-content\/uploads\/2019\/07\/fachada2.jpg\"\n                 style=\"padding-top:109.55%;padding-top: 100%;background-image: url(\/\/nogway.com\/capital\/wp-content\/uploads\/2019\/07\/fachada2.jpg);\">\n            <\/div>\n        <\/div>\n        <div class=\"banner--info\">\n            <div class=\"js-el b-title b-title1\" style=\"\" ><span>Edif\u00edcio<\/span> <span>PORTOTEM<\/span> <span>-<\/span> <span>Classic<\/span><\/div><a class=\"banner--btn\" href=\"http:\/\/nogway.com\/capital\/portotem-classic\/\" title=\"PORTOTEM Classic\">PORTOTEM Classic<\/a>        <\/div>\n        <a class=\"banner--link-overlay item--overlay\" href=\"http:\/\/nogway.com\/capital\/portotem-classic\/\" title=\"PORTOTEM Classic\"><span class=\"hidden\"><span>PORTOTEM Classic<\/span><\/span><\/a>    <\/div>\n\n    <style>                \n        \n        \n        \n        \n        \n            <\/style><\/div><\/div>    <\/div>\n<\/div><style data-la_component=\"InsertCustomCSS\">\n    #la_carousel_197258408969f74ed3687d6{\n        margin-left: -0px;\n        margin-right: -0px;\n    }\n    #la_carousel_197258408969f74ed3687d6 .la-item-wrap.slick-slide{\n        padding-left: 0px;\n        padding-right: 0px;\n    }\n<\/style>\n[\/vc_column][\/vc_row][vc_row][vc_column]<div id=\"la_divider69f74ed36a977\" class=\"js-el la-divider la-unit-responsive\" data-la_component=\"UnitResponsive\"  data-el_target='#la_divider69f74ed36a977'  data-el_media_sizes='{&quot;padding-top&quot;:&quot;lg:90px;md:50px;&quot;}' ><\/div>\n[\/vc_column][\/vc_row][vc_row equal_height=&#8221;yes&#8221; content_placement=&#8221;middle&#8221;][vc_column width=&#8221;1\/3&#8243; la_animation_duration=&#8221;1&#8243; la_animation_delay=&#8221;0&#8243; la_animation_iteration_count=&#8221;1&#8243; el_class=&#8221;vc_col-sm-push-8&#8243;]<div id=\"la_divider69f74ed36a9b9\" class=\"js-el la-divider la-unit-responsive\" data-la_component=\"UnitResponsive\"  data-el_target='#la_divider69f74ed36a9b9'  data-el_media_sizes='{&quot;padding-top&quot;:&quot;lg:80px;md:0px;&quot;}' ><\/div>\n[vc_single_image image=&#8221;1775&#8243; css=&#8221;.vc_custom_1578913072763{margin-bottom: 0px !important;}&#8221;]<div id=\"la_heading_69f74ed36aa31\" class=\"la-headings text-left spacer-position-middle\"><h2 class=\"js-el heading-tag la-unit-responsive letter-spacing--2 font-weight-400\" style=\"\"  data-la_component=\"UnitResponsive\"  data-el_target='#la_heading_69f74ed36aa31 .heading-tag'  data-el_media_sizes='{&quot;font-size&quot;:&quot;lg:42px;md:36px;&quot;,&quot;line-height&quot;:&quot;&quot;}' >Premium<\/h2><div class=\"la-separator  margin-top-25 margin-bottom-25\" style=\"height:2px\"><span class=\"la-line js-el la-unit-responsive\" style=\"border-style:solid;border-width:2px 0 0;border-color:#e6c45e\"  data-la_component=\"UnitResponsive\"  data-el_target='#la_heading_69f74ed36aa31 .la-line'  data-el_media_sizes='{&quot;width&quot;:&quot;lg:50px;&quot;}' ><\/span><\/div><div class=\"js-el subheading-tag la-unit-responsive three-font-family\" style=\"\"  data-la_component=\"UnitResponsive\"  data-el_target='#la_heading_69f74ed36aa31 .subheading-tag'  data-el_media_sizes='{&quot;font-size&quot;:&quot;lg:16px;&quot;,&quot;line-height&quot;:&quot;&quot;}' ><p style=\"font-weight: 400;\">Portotem Premium est\u00e1 localizado na hist\u00f3rica cidade do porto, nomeadamente, na rua da Santa Catarina e, \u00e9 constitu\u00eddo por -1 , 1 mais 3, totalizando 5 andares.<\/p>\n<p style=\"font-weight: 400;\">Neste sentido, importa referir que: o andar -1 \u00e9 composta por 3 lofts; o andar 1, por 2 lofts; o andar 2\u00ba andar, assim como o 3\u00ba andar, por 4 lofts e, o 4\u00baandar por 3 lofts e 1 T1 Duplex.<\/p>\n<\/div><\/div>\n<div id=\"la_divider69f74ed36aa90\" class=\"js-el la-divider la-unit-responsive\" data-la_component=\"UnitResponsive\"  data-el_target='#la_divider69f74ed36aa90'  data-el_media_sizes='{&quot;padding-top&quot;:&quot;lg:20px;&quot;}' ><\/div>\n<div class=\"btn-wrapper btn-align-left\">\n    <a class=\"btn btn-color-black btn-align-left btn-size-md btn-style-flat btn-shape-square btn-brw-1\" href=\"http:\/\/nogway.com\/capital\/portotem-premium\/\" title=\"PORTOTEM Premium\"><span>Saber Mais<\/span><\/a><\/div><div id=\"la_divider69f74ed36ab16\" class=\"js-el la-divider la-unit-responsive\" data-la_component=\"UnitResponsive\"  data-el_target='#la_divider69f74ed36ab16'  data-el_media_sizes='{&quot;padding-top&quot;:&quot;lg:80px;md:50px;&quot;}' ><\/div>\n[\/vc_column][vc_column width=&#8221;7\/12&#8243; la_animation_duration=&#8221;1&#8243; la_animation_delay=&#8221;0&#8243; la_animation_iteration_count=&#8221;1&#8243; offset=&#8221;vc_col-sm-offset-1&#8243; el_class=&#8221;vc_col-sm-pull-5&#8243;]<div id=\"la_carousel_158435099369f74ed36ab57\" class=\"la-carousel-wrapper la_carousel_horizontal slick__nav_style1\" data-gutter=\"0\">\n    <div data-la_component=\"AutoCarousel\" class=\"js-el la-slick-slider\" data-slider_config=\"{&quot;slidesToShow&quot;:1,&quot;slidesToScroll&quot;:1,&quot;dots&quot;:false,&quot;autoplaySpeed&quot;:5000,&quot;speed&quot;:300,&quot;infinite&quot;:false,&quot;arrows&quot;:false,&quot;swipe&quot;:true,&quot;draggable&quot;:true,&quot;touchMove&quot;:true,&quot;pauseOnHover&quot;:false,&quot;responsive&quot;:[{&quot;breakpoint&quot;:1824,&quot;settings&quot;:{&quot;slidesToShow&quot;:1,&quot;slidesToScroll&quot;:1}},{&quot;breakpoint&quot;:1200,&quot;settings&quot;:{&quot;slidesToShow&quot;:1,&quot;slidesToScroll&quot;:1}},{&quot;breakpoint&quot;:992,&quot;settings&quot;:{&quot;slidesToShow&quot;:1,&quot;slidesToScroll&quot;:1}},{&quot;breakpoint&quot;:768,&quot;settings&quot;:{&quot;slidesToShow&quot;:1,&quot;slidesToScroll&quot;:1}},{&quot;breakpoint&quot;:576,&quot;settings&quot;:{&quot;slidesToShow&quot;:1,&quot;slidesToScroll&quot;:1}}],&quot;pauseOnDotsHover&quot;:true}\">\n        <div class=\"la-item-wrap\"><div id=\"la_banner_box_69f74ed36afda\" class=\"wpb_content_element la-banner-box banner-type-8 la_banner_box_69f74ed36afda\">\n    <div class=\"box-inner\">\n                <div class=\"banner--image\">\n            <div class=\"loop__item__thumbnail--bkg gitem-zone-height-mode-custom gitem-hide-img\"\n                 data-background-image=\"\/\/nogway.com\/capital\/wp-content\/uploads\/2019\/07\/02-2k_opt2.jpg\"\n                 style=\"padding-top:83.88%;padding-top: 91%;background-image: url(\/\/nogway.com\/capital\/wp-content\/uploads\/2019\/07\/02-2k_opt2.jpg);\">\n            <\/div>\n        <\/div>\n        <div class=\"banner--info\">\n            <div class=\"js-el b-title b-title1\" style=\"\" ><span>Edif\u00edcio<\/span> <span>PORTOTEM<\/span> <span>-<\/span> <span>Premium<\/span><\/div><a class=\"banner--btn\" href=\"http:\/\/nogway.com\/capital\/portotem-premium\/\" title=\"PORTOTEM Premium\">PORTOTEM Premium<\/a>        <\/div>\n        <a class=\"banner--link-overlay item--overlay\" href=\"http:\/\/nogway.com\/capital\/portotem-premium\/\" title=\"PORTOTEM Premium\"><span class=\"hidden\"><span>PORTOTEM Premium<\/span><\/span><\/a>    <\/div>\n\n    <style>                \n        \n        \n        \n        \n        \n            <\/style><\/div><\/div>    <\/div>\n<\/div><style data-la_component=\"InsertCustomCSS\">\n    #la_carousel_158435099369f74ed36ab57{\n        margin-left: -0px;\n        margin-right: -0px;\n    }\n    #la_carousel_158435099369f74ed36ab57 .la-item-wrap.slick-slide{\n        padding-left: 0px;\n        padding-right: 0px;\n    }\n<\/style>\n[\/vc_column][\/vc_row][vc_row][vc_column]<div id=\"la_divider69f74ed36b085\" class=\"js-el la-divider la-unit-responsive\" data-la_component=\"UnitResponsive\"  data-el_target='#la_divider69f74ed36b085'  data-el_media_sizes='{&quot;padding-top&quot;:&quot;lg:90px;md:50px;&quot;}' ><\/div>\n[\/vc_column][\/vc_row]<\/p>\n","protected":false},"excerpt":{"rendered":"<p>[vc_row][vc_column][vc_custom_heading text=&#8221;Airi &#8211; Multipurpose WooCommerce Theme&#8221; font_container=&#8221;tag:h1|text_align:left&#8221; use_theme_fonts=&#8221;yes&#8221; link=&#8221;url:https%3A%2F%2Fla-studioweb.com%2Fgo%2Fairi%2Flink|||&#8221; el_class=&#8221;hidden&#8221;][rev_slider_vc alias=&#8221;home-04&#8243;][\/vc_column][\/vc_row][vc_row equal_height=&#8221;yes&#8221; content_placement=&#8221;middle&#8221;][vc_column][\/vc_column][\/vc_row][vc_row equal_height=&#8221;yes&#8221; content_placement=&#8221;middle&#8221;][vc_column][\/vc_column][\/vc_row][vc_row equal_height=&#8221;yes&#8221; content_placement=&#8221;middle&#8221;][vc_column width=&#8221;1\/3&#8243;][vc_single_image image=&#8221;1775&#8243; css=&#8221;.vc_custom_1578913072763{margin-bottom: 0px !important;}&#8221;][\/vc_column][vc_column width=&#8221;7\/12&#8243; la_animation_duration=&#8221;1&#8243; la_animation_delay=&#8221;0&#8243; la_animation_iteration_count=&#8221;1&#8243; offset=&#8221;vc_col-sm-offset-1&#8243;][\/vc_column][\/vc_row][vc_row][vc_column][\/vc_column][\/vc_row][vc_row equal_height=&#8221;yes&#8221; content_placement=&#8221;middle&#8221;][vc_column width=&#8221;1\/3&#8243; la_animation_duration=&#8221;1&#8243; la_animation_delay=&#8221;0&#8243; la_animation_iteration_count=&#8221;1&#8243; el_class=&#8221;vc_col-sm-push-8&#8243;][vc_single_image image=&#8221;1775&#8243; css=&#8221;.vc_custom_1578913072763{margin-bottom: 0px !important;}&#8221;][\/vc_column][vc_column width=&#8221;7\/12&#8243; la_animation_duration=&#8221;1&#8243; la_animation_delay=&#8221;0&#8243; la_animation_iteration_count=&#8221;1&#8243; offset=&#8221;vc_col-sm-offset-1&#8243; el_class=&#8221;vc_col-sm-pull-5&#8243;][\/vc_column][\/vc_row][vc_row][vc_column][\/vc_column][\/vc_row]<\/p>\n","protected":false},"author":1,"featured_media":0,"parent":0,"menu_order":0,"comment_status":"closed","ping_status":"closed","template":"","meta":[],"_links":{"self":[{"href":"https:\/\/nogway.com\/capital\/wp-json\/wp\/v2\/pages\/149"}],"collection":[{"href":"https:\/\/nogway.com\/capital\/wp-json\/wp\/v2\/pages"}],"about":[{"href":"https:\/\/nogway.com\/capital\/wp-json\/wp\/v2\/types\/page"}],"author":[{"embeddable":true,"href":"https:\/\/nogway.com\/capital\/wp-json\/wp\/v2\/users\/1"}],"replies":[{"embeddable":true,"href":"https:\/\/nogway.com\/capital\/wp-json\/wp\/v2\/comments?post=149"}],"version-history":[{"count":50,"href":"https:\/\/nogway.com\/capital\/wp-json\/wp\/v2\/pages\/149\/revisions"}],"predecessor-version":[{"id":1792,"href":"https:\/\/nogway.com\/capital\/wp-json\/wp\/v2\/pages\/149\/revisions\/1792"}],"wp:attachment":[{"href":"https:\/\/nogway.com\/capital\/wp-json\/wp\/v2\/media?parent=149"}],"curies":[{"name":"wp","href":"https:\/\/api.w.org\/{rel}","templated":true}]}}